{"id":4755,"date":"2022-12-17T18:06:37","date_gmt":"2022-12-17T18:06:37","guid":{"rendered":"https:\/\/ouikala.com\/?page_id=4755"},"modified":"2024-12-02T03:31:26","modified_gmt":"2024-12-02T03:31:26","slug":"a-notre-sujet","status":"publish","type":"page","link":"https:\/\/ouikala.com\/index.php\/fr\/a-notre-sujet\/","title":{"rendered":"A propos de nous"},"content":{"rendered":"\t\t<div data-elementor-type=\"wp-page\" data-elementor-id=\"4755\" class=\"elementor elementor-4755\" data-elementor-post-type=\"page\">\n\t\t\t\t\t\t<section class=\"elementor-section elementor-top-section elementor-element elementor-element-6952cf8 elementor-section-height-min-height elementor-section-boxed elementor-section-height-default elementor-section-items-middle\" data-id=\"6952cf8\" data-element_type=\"section\" data-e-type=\"section\" data-settings=\"{&quot;background_background&quot;:&quot;classic&quot;}\">\n\t\t\t\t\t\t\t<div class=\"elementor-background-overlay\"><\/div>\n\t\t\t\t\t\t\t<div class=\"elementor-container elementor-column-gap-no\">\n\t\t\t\t\t<div class=\"elementor-column elementor-col-100 elementor-top-column elementor-element elementor-element-4c6db26\" data-id=\"4c6db26\" data-element_type=\"column\" data-e-type=\"column\">\n\t\t\t<div class=\"elementor-widget-wrap elementor-element-populated\">\n\t\t\t\t\t\t<div class=\"elementor-element elementor-element-628c3d6 elementor-widget-divider--view-line elementor-widget elementor-widget-divider\" data-id=\"628c3d6\" data-element_type=\"widget\" data-e-type=\"widget\" data-widget_type=\"divider.default\">\n\t\t\t\t<div class=\"elementor-widget-container\">\n\t\t\t\t\t\t\t<div class=\"elementor-divider\">\n\t\t\t<span class=\"elementor-divider-separator\">\n\t\t\t\t\t\t<\/span>\n\t\t<\/div>\n\t\t\t\t\t\t<\/div>\n\t\t\t\t<\/div>\n\t\t\t\t<div class=\"elementor-element elementor-element-558ce53 elementor-widget elementor-widget-heading\" data-id=\"558ce53\" data-element_type=\"widget\" data-e-type=\"widget\" data-widget_type=\"heading.default\">\n\t\t\t\t<div class=\"elementor-widget-container\">\n\t\t\t\t\t<h1 class=\"elementor-heading-title elementor-size-default\">Pour en savoir plus sur nous<\/h1>\t\t\t\t<\/div>\n\t\t\t\t<\/div>\n\t\t\t\t\t<\/div>\n\t\t<\/div>\n\t\t\t\t\t<\/div>\n\t\t<\/section>\n\t\t\t\t<section class=\"elementor-section elementor-top-section elementor-element elementor-element-c79a29d elementor-section-content-middle elementor-section-boxed elementor-section-height-default elementor-section-height-default\" data-id=\"c79a29d\" data-element_type=\"section\" data-e-type=\"section\">\n\t\t\t\t\t\t<div class=\"elementor-container elementor-column-gap-no\">\n\t\t\t\t\t<div class=\"elementor-column elementor-col-50 elementor-top-column elementor-element elementor-element-ec4deda\" data-id=\"ec4deda\" data-element_type=\"column\" data-e-type=\"column\">\n\t\t\t<div class=\"elementor-widget-wrap elementor-element-populated\">\n\t\t\t\t\t\t<div class=\"elementor-element elementor-element-0dfbf84 elementor-widget-divider--view-line elementor-widget elementor-widget-divider\" data-id=\"0dfbf84\" data-element_type=\"widget\" data-e-type=\"widget\" data-widget_type=\"divider.default\">\n\t\t\t\t<div class=\"elementor-widget-container\">\n\t\t\t\t\t\t\t<div class=\"elementor-divider\">\n\t\t\t<span class=\"elementor-divider-separator\">\n\t\t\t\t\t\t<\/span>\n\t\t<\/div>\n\t\t\t\t\t\t<\/div>\n\t\t\t\t<\/div>\n\t\t\t\t<div class=\"elementor-element elementor-element-f1f4c22 elementor-widget elementor-widget-heading\" data-id=\"f1f4c22\" data-element_type=\"widget\" data-e-type=\"widget\" data-widget_type=\"heading.default\">\n\t\t\t\t<div class=\"elementor-widget-container\">\n\t\t\t\t\t<h2 class=\"elementor-heading-title elementor-size-default\">A propos de nous<\/h2>\t\t\t\t<\/div>\n\t\t\t\t<\/div>\n\t\t\t\t<div class=\"elementor-element elementor-element-cd5bbaa elementor-widget elementor-widget-text-editor\" data-id=\"cd5bbaa\" data-element_type=\"widget\" data-e-type=\"widget\" data-widget_type=\"text-editor.default\">\n\t\t\t\t<div class=\"elementor-widget-container\">\n\t\t\t\t\t\t\t\t\t<p>Nous vous mettons en relation avec le bon soutien afin que vous puissiez d\u00e9l\u00e9guer les t\u00e2ches quotidiennes et les projets sp\u00e9ciaux pour vous concentrer sur ce qui compte vraiment pour votre organisation. De la comptabilit\u00e9 au soutien administratif en passant par les ventes, le marketing et les m\u00e9dias sociaux, notre \u00e9quipe de professionnels virtuels qualifi\u00e9s peut s\u2019en charger. Avec nos professionnels qualifi\u00e9s, vous pouvez avoir la certitude que vos projets sont entre de bonnes mains.<\/p>\t\t\t\t\t\t\t\t<\/div>\n\t\t\t\t<\/div>\n\t\t\t\t<div class=\"elementor-element elementor-element-f76245f elementor-align-center elementor-widget elementor-widget-button\" data-id=\"f76245f\" data-element_type=\"widget\" data-e-type=\"widget\" data-widget_type=\"button.default\">\n\t\t\t\t<div class=\"elementor-widget-container\">\n\t\t\t\t\t\t\t\t\t<div class=\"elementor-button-wrapper\">\n\t\t\t\t\t<a class=\"elementor-button elementor-button-link elementor-size-sm\" href=\"https:\/\/ouikala.com\/index.php\/fr\/besoins\/\">\n\t\t\t\t\t\t<span class=\"elementor-button-content-wrapper\">\n\t\t\t\t\t\t\t\t\t<span class=\"elementor-button-text\">Parlons de vos besoins<\/span>\n\t\t\t\t\t<\/span>\n\t\t\t\t\t<\/a>\n\t\t\t\t<\/div>\n\t\t\t\t\t\t\t\t<\/div>\n\t\t\t\t<\/div>\n\t\t\t\t\t<\/div>\n\t\t<\/div>\n\t\t\t\t<div class=\"elementor-column elementor-col-50 elementor-top-column elementor-element elementor-element-c59473d\" data-id=\"c59473d\" data-element_type=\"column\" data-e-type=\"column\">\n\t\t\t<div class=\"elementor-widget-wrap elementor-element-populated\">\n\t\t\t\t\t\t<div class=\"elementor-element elementor-element-8467e36 elementor-widget elementor-widget-image\" data-id=\"8467e36\" data-element_type=\"widget\" data-e-type=\"widget\" data-widget_type=\"image.default\">\n\t\t\t\t<div class=\"elementor-widget-container\">\n\t\t\t\t\t\t\t\t\t\t\t\t\t\t\t<img fetchpriority=\"high\" decoding=\"async\" width=\"1698\" height=\"1131\" src=\"https:\/\/ouikala.com\/wp-content\/uploads\/2022\/12\/consultation232.jpg\" class=\"attachment-full size-full wp-image-4451\" alt=\"\" srcset=\"https:\/\/ouikala.com\/wp-content\/uploads\/2022\/12\/consultation232.jpg 1698w, https:\/\/ouikala.com\/wp-content\/uploads\/2022\/12\/consultation232-600x400.jpg 600w, https:\/\/ouikala.com\/wp-content\/uploads\/2022\/12\/consultation232-300x200.jpg 300w, https:\/\/ouikala.com\/wp-content\/uploads\/2022\/12\/consultation232-1024x682.jpg 1024w, https:\/\/ouikala.com\/wp-content\/uploads\/2022\/12\/consultation232-768x512.jpg 768w, https:\/\/ouikala.com\/wp-content\/uploads\/2022\/12\/consultation232-1536x1023.jpg 1536w\" sizes=\"(max-width: 1698px) 100vw, 1698px\" \/>\t\t\t\t\t\t\t\t\t\t\t\t\t\t\t<\/div>\n\t\t\t\t<\/div>\n\t\t\t\t\t<\/div>\n\t\t<\/div>\n\t\t\t\t\t<\/div>\n\t\t<\/section>\n\t\t\t\t<section class=\"elementor-section elementor-top-section elementor-element elementor-element-7ad3799 elementor-section-boxed elementor-section-height-default elementor-section-height-default\" data-id=\"7ad3799\" data-element_type=\"section\" data-e-type=\"section\" data-settings=\"{&quot;background_background&quot;:&quot;gradient&quot;}\">\n\t\t\t\t\t\t<div class=\"elementor-container elementor-column-gap-no\">\n\t\t\t\t\t<div class=\"elementor-column elementor-col-100 elementor-top-column elementor-element elementor-element-dce84d5\" data-id=\"dce84d5\" data-element_type=\"column\" data-e-type=\"column\">\n\t\t\t<div class=\"elementor-widget-wrap elementor-element-populated\">\n\t\t\t\t\t\t<section class=\"elementor-section elementor-inner-section elementor-element elementor-element-570060f elementor-section-boxed elementor-section-height-default elementor-section-height-default\" data-id=\"570060f\" data-element_type=\"section\" data-e-type=\"section\">\n\t\t\t\t\t\t<div class=\"elementor-container elementor-column-gap-no\">\n\t\t\t\t\t<div class=\"elementor-column elementor-col-33 elementor-inner-column elementor-element elementor-element-2669778\" data-id=\"2669778\" data-element_type=\"column\" data-e-type=\"column\">\n\t\t\t<div class=\"elementor-widget-wrap elementor-element-populated\">\n\t\t\t\t\t\t<div class=\"elementor-element elementor-element-40ba1a6 elementor-position-left elementor-vertical-align-top elementor-widget elementor-widget-image-box\" data-id=\"40ba1a6\" data-element_type=\"widget\" data-e-type=\"widget\" data-widget_type=\"image-box.default\">\n\t\t\t\t<div class=\"elementor-widget-container\">\n\t\t\t\t\t<div class=\"elementor-image-box-wrapper\"><figure class=\"elementor-image-box-img\"><img decoding=\"async\" width=\"1280\" height=\"853\" src=\"https:\/\/ouikala.com\/wp-content\/uploads\/2022\/12\/business-idea-growth-3736939.jpg\" class=\"attachment-full size-full wp-image-4616\" alt=\"business, idea, growth-3736939.jpg\" srcset=\"https:\/\/ouikala.com\/wp-content\/uploads\/2022\/12\/business-idea-growth-3736939.jpg 1280w, https:\/\/ouikala.com\/wp-content\/uploads\/2022\/12\/business-idea-growth-3736939-300x200.jpg 300w, https:\/\/ouikala.com\/wp-content\/uploads\/2022\/12\/business-idea-growth-3736939-1024x682.jpg 1024w, https:\/\/ouikala.com\/wp-content\/uploads\/2022\/12\/business-idea-growth-3736939-768x512.jpg 768w, https:\/\/ouikala.com\/wp-content\/uploads\/2022\/12\/business-idea-growth-3736939-600x400.jpg 600w\" sizes=\"(max-width: 1280px) 100vw, 1280px\" \/><\/figure><div class=\"elementor-image-box-content\"><h4 class=\"elementor-image-box-title\">Notre mission<\/h4><p class=\"elementor-image-box-description\">Ouikala est un fournisseur de premier plan de solutions de main-d'\u0153uvre virtuelle pour les entreprises et les organisations \u00e0 but non lucratif. Nous sommes anim\u00e9s par la passion de transformer la fa\u00e7on dont les organisations g\u00e8rent leur charge de travail en solutions de main-d'\u0153uvre intelligentes et flexibles pour obtenir des r\u00e9sultats positifs. <\/p><\/div><\/div>\t\t\t\t<\/div>\n\t\t\t\t<\/div>\n\t\t\t\t\t<\/div>\n\t\t<\/div>\n\t\t\t\t<div class=\"elementor-column elementor-col-33 elementor-inner-column elementor-element elementor-element-d7ee276\" data-id=\"d7ee276\" data-element_type=\"column\" data-e-type=\"column\">\n\t\t\t<div class=\"elementor-widget-wrap elementor-element-populated\">\n\t\t\t\t\t\t<div class=\"elementor-element elementor-element-426e59a elementor-position-left elementor-vertical-align-top elementor-widget elementor-widget-image-box\" data-id=\"426e59a\" data-element_type=\"widget\" data-e-type=\"widget\" data-widget_type=\"image-box.default\">\n\t\t\t\t<div class=\"elementor-widget-container\">\n\t\t\t\t\t<div class=\"elementor-image-box-wrapper\"><figure class=\"elementor-image-box-img\"><img decoding=\"async\" width=\"1280\" height=\"512\" src=\"https:\/\/ouikala.com\/wp-content\/uploads\/2022\/12\/vision-success-motivation-3233648.jpg\" class=\"attachment-full size-full wp-image-4617\" alt=\"vision, success, motivation-3233648.jpg\" srcset=\"https:\/\/ouikala.com\/wp-content\/uploads\/2022\/12\/vision-success-motivation-3233648.jpg 1280w, https:\/\/ouikala.com\/wp-content\/uploads\/2022\/12\/vision-success-motivation-3233648-300x120.jpg 300w, https:\/\/ouikala.com\/wp-content\/uploads\/2022\/12\/vision-success-motivation-3233648-1024x410.jpg 1024w, https:\/\/ouikala.com\/wp-content\/uploads\/2022\/12\/vision-success-motivation-3233648-768x307.jpg 768w, https:\/\/ouikala.com\/wp-content\/uploads\/2022\/12\/vision-success-motivation-3233648-600x240.jpg 600w\" sizes=\"(max-width: 1280px) 100vw, 1280px\" \/><\/figure><div class=\"elementor-image-box-content\"><h4 class=\"elementor-image-box-title\">Notre vision<\/h4><p class=\"elementor-image-box-description\">Notre vision est de devenir un leader reconnu dans la fourniture de solutions d'externalisation de t\u00e2ches virtuelles.<\/p><\/div><\/div>\t\t\t\t<\/div>\n\t\t\t\t<\/div>\n\t\t\t\t\t<\/div>\n\t\t<\/div>\n\t\t\t\t<div class=\"elementor-column elementor-col-33 elementor-inner-column elementor-element elementor-element-709aefc\" data-id=\"709aefc\" data-element_type=\"column\" data-e-type=\"column\">\n\t\t\t<div class=\"elementor-widget-wrap elementor-element-populated\">\n\t\t\t\t\t\t<div class=\"elementor-element elementor-element-f83cc79 elementor-position-left elementor-vertical-align-top elementor-widget elementor-widget-image-box\" data-id=\"f83cc79\" data-element_type=\"widget\" data-e-type=\"widget\" data-widget_type=\"image-box.default\">\n\t\t\t\t<div class=\"elementor-widget-container\">\n\t\t\t\t\t<div class=\"elementor-image-box-wrapper\"><figure class=\"elementor-image-box-img\"><img loading=\"lazy\" decoding=\"async\" width=\"1280\" height=\"851\" src=\"https:\/\/ouikala.com\/wp-content\/uploads\/2022\/12\/business-performance-values-3208596.jpg\" class=\"attachment-full size-full wp-image-4615\" alt=\"business, performance, values-3208596.jpg\" srcset=\"https:\/\/ouikala.com\/wp-content\/uploads\/2022\/12\/business-performance-values-3208596.jpg 1280w, https:\/\/ouikala.com\/wp-content\/uploads\/2022\/12\/business-performance-values-3208596-300x199.jpg 300w, https:\/\/ouikala.com\/wp-content\/uploads\/2022\/12\/business-performance-values-3208596-1024x681.jpg 1024w, https:\/\/ouikala.com\/wp-content\/uploads\/2022\/12\/business-performance-values-3208596-768x511.jpg 768w, https:\/\/ouikala.com\/wp-content\/uploads\/2022\/12\/business-performance-values-3208596-600x399.jpg 600w\" sizes=\"(max-width: 1280px) 100vw, 1280px\" \/><\/figure><div class=\"elementor-image-box-content\"><h4 class=\"elementor-image-box-title\">Nos valeurs<\/h4><p class=\"elementor-image-box-description\">Nos valeurs d\u00e9terminent la mani\u00e8re dont nous servons nos clients et traitons nos partenaires et employ\u00e9s. Nous valorisons l'int\u00e9grit\u00e9, la transparence, la cr\u00e9ation de valeur, le professionnalisme, la responsabilit\u00e9 sociale et la protection de l'environnement.  <\/p><\/div><\/div>\t\t\t\t<\/div>\n\t\t\t\t<\/div>\n\t\t\t\t\t<\/div>\n\t\t<\/div>\n\t\t\t\t\t<\/div>\n\t\t<\/section>\n\t\t\t\t\t<\/div>\n\t\t<\/div>\n\t\t\t\t\t<\/div>\n\t\t<\/section>\n\t\t\t\t<section class=\"elementor-section elementor-top-section elementor-element elementor-element-b508407 elementor-section-boxed elementor-section-height-default elementor-section-height-default\" data-id=\"b508407\" data-element_type=\"section\" data-e-type=\"section\" data-settings=\"{&quot;background_background&quot;:&quot;classic&quot;}\">\n\t\t\t\t\t\t<div class=\"elementor-container elementor-column-gap-no\">\n\t\t\t\t\t<div class=\"elementor-column elementor-col-100 elementor-top-column elementor-element elementor-element-e9d8ad1\" data-id=\"e9d8ad1\" data-element_type=\"column\" data-e-type=\"column\">\n\t\t\t<div class=\"elementor-widget-wrap elementor-element-populated\">\n\t\t\t\t\t\t<div class=\"elementor-element elementor-element-6ba5a92 elementor-widget-divider--view-line elementor-widget elementor-widget-divider\" data-id=\"6ba5a92\" data-element_type=\"widget\" data-e-type=\"widget\" data-widget_type=\"divider.default\">\n\t\t\t\t<div class=\"elementor-widget-container\">\n\t\t\t\t\t\t\t<div class=\"elementor-divider\">\n\t\t\t<span class=\"elementor-divider-separator\">\n\t\t\t\t\t\t<\/span>\n\t\t<\/div>\n\t\t\t\t\t\t<\/div>\n\t\t\t\t<\/div>\n\t\t\t\t<div class=\"elementor-element elementor-element-a47fad5 elementor-widget elementor-widget-heading\" data-id=\"a47fad5\" data-element_type=\"widget\" data-e-type=\"widget\" data-widget_type=\"heading.default\">\n\t\t\t\t<div class=\"elementor-widget-container\">\n\t\t\t\t\t<h3 class=\"elementor-heading-title elementor-size-default\">Associations &amp; Memberships<\/h3>\t\t\t\t<\/div>\n\t\t\t\t<\/div>\n\t\t\t\t<div class=\"elementor-element elementor-element-b758ba8 elementor-widget elementor-widget-text-editor\" data-id=\"b758ba8\" data-element_type=\"widget\" data-e-type=\"widget\" data-widget_type=\"text-editor.default\">\n\t\t\t\t<div class=\"elementor-widget-container\">\n\t\t\t\t\t\t\t\t\t<p>Coming soon<\/p>\t\t\t\t\t\t\t\t<\/div>\n\t\t\t\t<\/div>\n\t\t\t\t\t<\/div>\n\t\t<\/div>\n\t\t\t\t\t<\/div>\n\t\t<\/section>\n\t\t\t\t<\/div>\n\t\t","protected":false},"excerpt":{"rendered":"<p>Pour en savoir plus sur nous A propos de nous Nous vous mettons en relation avec le bon soutien afin que vous puissiez d\u00e9l\u00e9guer les t\u00e2ches quotidiennes et les projets sp\u00e9ciaux pour vous concentrer sur ce qui compte vraiment pour votre organisation. De la comptabilit\u00e9 au soutien administratif en passant par les ventes, le marketing [&hellip;]<\/p>\n","protected":false},"author":2,"featured_media":0,"parent":0,"menu_order":5,"comment_status":"closed","ping_status":"closed","template":"","meta":{"om_disable_all_campaigns":false,"_monsterinsights_skip_tracking":false,"_monsterinsights_sitenote_active":false,"_monsterinsights_sitenote_note":"","_monsterinsights_sitenote_category":0,"site-sidebar-layout":"no-sidebar","site-content-layout":"page-builder","ast-site-content-layout":"default","site-content-style":"default","site-sidebar-style":"default","ast-global-header-display":"","ast-banner-title-visibility":"","ast-main-header-display":"","ast-hfb-above-header-display":"","ast-hfb-below-header-display":"","ast-hfb-mobile-header-display":"","site-post-title":"disabled","ast-breadcrumbs-content":"disabled","ast-featured-img":"disabled","footer-sml-layout":"","ast-disable-related-posts":"","theme-transparent-header-meta":"enabled","adv-header-id-meta":"","stick-header-meta":"","header-above-stick-meta":"","header-main-stick-meta":"","header-below-stick-meta":"","astra-migrate-meta-layouts":"default","ast-page-background-enabled":"default","ast-page-background-meta":{"desktop":{"background-color":"","background-image":"","background-repeat":"repeat","background-position":"center center","background-size":"auto","background-attachment":"scroll","background-type":"","background-media":"","overlay-type":"","overlay-color":"","overlay-opacity":"","overlay-gradient":""},"tablet":{"background-color":"","background-image":"","background-repeat":"repeat","background-position":"center center","background-size":"auto","background-attachment":"scroll","background-type":"","background-media":"","overlay-type":"","overlay-color":"","overlay-opacity":"","overlay-gradient":""},"mobile":{"background-color":"","background-image":"","background-repeat":"repeat","background-position":"center center","background-size":"auto","background-attachment":"scroll","background-type":"","background-media":"","overlay-type":"","overlay-color":"","overlay-opacity":"","overlay-gradient":""}},"ast-content-background-meta":{"desktop":{"background-color":"var(--ast-global-color-5)","background-image":"","background-repeat":"repeat","background-position":"center center","background-size":"auto","background-attachment":"scroll","background-type":"","background-media":"","overlay-type":"","overlay-color":"","overlay-opacity":"","overlay-gradient":""},"tablet":{"background-color":"var(--ast-global-color-5)","background-image":"","background-repeat":"repeat","background-position":"center center","background-size":"auto","background-attachment":"scroll","background-type":"","background-media":"","overlay-type":"","overlay-color":"","overlay-opacity":"","overlay-gradient":""},"mobile":{"background-color":"var(--ast-global-color-5)","background-image":"","background-repeat":"repeat","background-position":"center center","background-size":"auto","background-attachment":"scroll","background-type":"","background-media":"","overlay-type":"","overlay-color":"","overlay-opacity":"","overlay-gradient":""}},"footnotes":""},"class_list":["post-4755","page","type-page","status-publish","hentry"],"aioseo_notices":[],"lang":"fr","translations":{"fr":4755,"en":4434},"pll_sync_post":[],"_links":{"self":[{"href":"https:\/\/ouikala.com\/index.php\/wp-json\/wp\/v2\/pages\/4755","targetHints":{"allow":["GET"]}}],"collection":[{"href":"https:\/\/ouikala.com\/index.php\/wp-json\/wp\/v2\/pages"}],"about":[{"href":"https:\/\/ouikala.com\/index.php\/wp-json\/wp\/v2\/types\/page"}],"author":[{"embeddable":true,"href":"https:\/\/ouikala.com\/index.php\/wp-json\/wp\/v2\/users\/2"}],"replies":[{"embeddable":true,"href":"https:\/\/ouikala.com\/index.php\/wp-json\/wp\/v2\/comments?post=4755"}],"version-history":[{"count":27,"href":"https:\/\/ouikala.com\/index.php\/wp-json\/wp\/v2\/pages\/4755\/revisions"}],"predecessor-version":[{"id":5790,"href":"https:\/\/ouikala.com\/index.php\/wp-json\/wp\/v2\/pages\/4755\/revisions\/5790"}],"wp:attachment":[{"href":"https:\/\/ouikala.com\/index.php\/wp-json\/wp\/v2\/media?parent=4755"}],"curies":[{"name":"wp","href":"https:\/\/api.w.org\/{rel}","templated":true}]}}