{"id":4781,"date":"2022-12-18T02:06:30","date_gmt":"2022-12-18T02:06:30","guid":{"rendered":"https:\/\/ouikala.com\/?page_id=4781"},"modified":"2023-03-09T05:24:26","modified_gmt":"2023-03-09T05:24:26","slug":"services-specialises","status":"publish","type":"page","link":"https:\/\/ouikala.com\/index.php\/fr\/services-specialises\/","title":{"rendered":"Services specialis\u00e9s"},"content":{"rendered":"\t\t<div data-elementor-type=\"wp-page\" data-elementor-id=\"4781\" class=\"elementor elementor-4781\" data-elementor-post-type=\"page\">\n\t\t\t\t\t\t<section class=\"elementor-section elementor-top-section elementor-element elementor-element-4167bee8 elementor-section-content-middle elementor-section-full_width elementor-reverse-mobile elementor-reverse-tablet elementor-section-height-default elementor-section-height-default\" data-id=\"4167bee8\" data-element_type=\"section\" data-e-type=\"section\" data-settings=\"{&quot;background_background&quot;:&quot;classic&quot;}\">\n\t\t\t\t\t\t<div class=\"elementor-container elementor-column-gap-no\">\n\t\t\t\t\t<div class=\"elementor-column elementor-col-50 elementor-top-column elementor-element elementor-element-5b4e88ef\" data-id=\"5b4e88ef\" data-element_type=\"column\" data-e-type=\"column\">\n\t\t\t<div class=\"elementor-widget-wrap elementor-element-populated\">\n\t\t\t\t\t\t<div class=\"elementor-element elementor-element-702e7c84 elementor-widget elementor-widget-image\" data-id=\"702e7c84\" data-element_type=\"widget\" data-e-type=\"widget\" data-widget_type=\"image.default\">\n\t\t\t\t<div class=\"elementor-widget-container\">\n\t\t\t\t\t\t\t\t\t\t\t\t\t\t\t<img fetchpriority=\"high\" decoding=\"async\" width=\"1024\" height=\"682\" src=\"https:\/\/ouikala.com\/wp-content\/uploads\/2022\/12\/laptop-table-technology-2434393-1024x682.jpg\" class=\"attachment-large size-large wp-image-4486\" alt=\"laptop, table, technology-2434393.jpg\" srcset=\"https:\/\/ouikala.com\/wp-content\/uploads\/2022\/12\/laptop-table-technology-2434393-1024x682.jpg 1024w, https:\/\/ouikala.com\/wp-content\/uploads\/2022\/12\/laptop-table-technology-2434393-600x400.jpg 600w, https:\/\/ouikala.com\/wp-content\/uploads\/2022\/12\/laptop-table-technology-2434393-300x200.jpg 300w, https:\/\/ouikala.com\/wp-content\/uploads\/2022\/12\/laptop-table-technology-2434393-768x512.jpg 768w, https:\/\/ouikala.com\/wp-content\/uploads\/2022\/12\/laptop-table-technology-2434393.jpg 1280w\" sizes=\"(max-width: 1024px) 100vw, 1024px\" \/>\t\t\t\t\t\t\t\t\t\t\t\t\t\t\t<\/div>\n\t\t\t\t<\/div>\n\t\t\t\t\t<\/div>\n\t\t<\/div>\n\t\t\t\t<div class=\"elementor-column elementor-col-50 elementor-top-column elementor-element elementor-element-2eafb0f2\" data-id=\"2eafb0f2\" data-element_type=\"column\" data-e-type=\"column\">\n\t\t\t<div class=\"elementor-widget-wrap elementor-element-populated\">\n\t\t\t\t\t\t<div class=\"elementor-element elementor-element-27240ca9 elementor-widget elementor-widget-heading\" data-id=\"27240ca9\" data-element_type=\"widget\" data-e-type=\"widget\" data-widget_type=\"heading.default\">\n\t\t\t\t<div class=\"elementor-widget-container\">\n\t\t\t\t\t<h6 class=\"elementor-heading-title elementor-size-medium\">Nos services sp\u00e9cialis\u00e9s<\/h6>\t\t\t\t<\/div>\n\t\t\t\t<\/div>\n\t\t\t\t\t<\/div>\n\t\t<\/div>\n\t\t\t\t\t<\/div>\n\t\t<\/section>\n\t\t\t\t<section class=\"elementor-section elementor-top-section elementor-element elementor-element-5c1f2b25 elementor-section-content-middle elementor-section-full_width elementor-section-height-default elementor-section-height-default\" data-id=\"5c1f2b25\" data-element_type=\"section\" data-e-type=\"section\" data-settings=\"{&quot;background_background&quot;:&quot;classic&quot;}\">\n\t\t\t\t\t\t<div class=\"elementor-container elementor-column-gap-no\">\n\t\t\t\t\t<div class=\"elementor-column elementor-col-50 elementor-top-column elementor-element elementor-element-5d5e509\" data-id=\"5d5e509\" data-element_type=\"column\" data-e-type=\"column\">\n\t\t\t<div class=\"elementor-widget-wrap elementor-element-populated\">\n\t\t\t\t\t\t<div class=\"elementor-element elementor-element-5092551 elementor-widget elementor-widget-heading\" data-id=\"5092551\" data-element_type=\"widget\" data-e-type=\"widget\" data-widget_type=\"heading.default\">\n\t\t\t\t<div class=\"elementor-widget-container\">\n\t\t\t\t\t<h2 class=\"elementor-heading-title elementor-size-default\">Mesure de rendement<\/h2>\t\t\t\t<\/div>\n\t\t\t\t<\/div>\n\t\t\t\t<div class=\"elementor-element elementor-element-5b02aca elementor-widget elementor-widget-text-editor\" data-id=\"5b02aca\" data-element_type=\"widget\" data-e-type=\"widget\" data-widget_type=\"text-editor.default\">\n\t\t\t\t<div class=\"elementor-widget-container\">\n\t\t\t\t\t\t\t\t\t<p>Nous comprenons l&#8217;importance de mesurer la performance de votre organisation, de vos programmes et de vos projets. Notre \u00e9quipe d&#8217;experts poss\u00e8de une vaste exp\u00e9rience dans la conception et la mise en place de syst\u00e8mes de mesure de la performance qui fournissent des informations pr\u00e9cieuses et favorisent l&#8217;am\u00e9lioration continue.<\/p>\t\t\t\t\t\t\t\t<\/div>\n\t\t\t\t<\/div>\n\t\t\t\t\t<\/div>\n\t\t<\/div>\n\t\t\t\t<div class=\"elementor-column elementor-col-50 elementor-top-column elementor-element elementor-element-bc9e279\" data-id=\"bc9e279\" data-element_type=\"column\" data-e-type=\"column\">\n\t\t\t<div class=\"elementor-widget-wrap elementor-element-populated\">\n\t\t\t\t\t\t<div class=\"elementor-element elementor-element-59323cc7 elementor-widget elementor-widget-image\" data-id=\"59323cc7\" data-element_type=\"widget\" data-e-type=\"widget\" data-widget_type=\"image.default\">\n\t\t\t\t<div class=\"elementor-widget-container\">\n\t\t\t\t\t\t\t\t\t\t\t\t\t\t\t<img decoding=\"async\" width=\"1024\" height=\"682\" src=\"https:\/\/ouikala.com\/wp-content\/uploads\/2022\/12\/statistic-survey-website-1606951-1024x682.png\" class=\"attachment-large size-large wp-image-4682\" alt=\"statistic, survey, website-1606951.jpg\" srcset=\"https:\/\/ouikala.com\/wp-content\/uploads\/2022\/12\/statistic-survey-website-1606951-1024x682.png 1024w, https:\/\/ouikala.com\/wp-content\/uploads\/2022\/12\/statistic-survey-website-1606951-300x200.png 300w, https:\/\/ouikala.com\/wp-content\/uploads\/2022\/12\/statistic-survey-website-1606951-768x512.png 768w, https:\/\/ouikala.com\/wp-content\/uploads\/2022\/12\/statistic-survey-website-1606951-600x400.png 600w, https:\/\/ouikala.com\/wp-content\/uploads\/2022\/12\/statistic-survey-website-1606951.png 1280w\" sizes=\"(max-width: 1024px) 100vw, 1024px\" \/>\t\t\t\t\t\t\t\t\t\t\t\t\t\t\t<\/div>\n\t\t\t\t<\/div>\n\t\t\t\t\t<\/div>\n\t\t<\/div>\n\t\t\t\t\t<\/div>\n\t\t<\/section>\n\t\t\t\t<section class=\"elementor-section elementor-top-section elementor-element elementor-element-98bc68b elementor-section-content-middle elementor-section-full_width elementor-reverse-mobile elementor-section-height-default elementor-section-height-default\" data-id=\"98bc68b\" data-element_type=\"section\" data-e-type=\"section\" data-settings=\"{&quot;background_background&quot;:&quot;classic&quot;}\">\n\t\t\t\t\t\t<div class=\"elementor-container elementor-column-gap-no\">\n\t\t\t\t\t<div class=\"elementor-column elementor-col-50 elementor-top-column elementor-element elementor-element-2b9aeaf\" data-id=\"2b9aeaf\" data-element_type=\"column\" data-e-type=\"column\">\n\t\t\t<div class=\"elementor-widget-wrap elementor-element-populated\">\n\t\t\t\t\t\t<div class=\"elementor-element elementor-element-c05a76e elementor-widget elementor-widget-image\" data-id=\"c05a76e\" data-element_type=\"widget\" data-e-type=\"widget\" data-widget_type=\"image.default\">\n\t\t\t\t<div class=\"elementor-widget-container\">\n\t\t\t\t\t\t\t\t\t\t\t\t\t\t\t<img decoding=\"async\" width=\"1024\" height=\"660\" src=\"https:\/\/ouikala.com\/wp-content\/uploads\/2022\/12\/planning-finance-business-4077086-1024x660.jpg\" class=\"attachment-large size-large wp-image-4691\" alt=\"planning, finance, business-4077086.jpg\" srcset=\"https:\/\/ouikala.com\/wp-content\/uploads\/2022\/12\/planning-finance-business-4077086-1024x660.jpg 1024w, https:\/\/ouikala.com\/wp-content\/uploads\/2022\/12\/planning-finance-business-4077086-300x193.jpg 300w, https:\/\/ouikala.com\/wp-content\/uploads\/2022\/12\/planning-finance-business-4077086-768x495.jpg 768w, https:\/\/ouikala.com\/wp-content\/uploads\/2022\/12\/planning-finance-business-4077086-600x387.jpg 600w, https:\/\/ouikala.com\/wp-content\/uploads\/2022\/12\/planning-finance-business-4077086.jpg 1280w\" sizes=\"(max-width: 1024px) 100vw, 1024px\" \/>\t\t\t\t\t\t\t\t\t\t\t\t\t\t\t<\/div>\n\t\t\t\t<\/div>\n\t\t\t\t\t<\/div>\n\t\t<\/div>\n\t\t\t\t<div class=\"elementor-column elementor-col-50 elementor-top-column elementor-element elementor-element-2423639\" data-id=\"2423639\" data-element_type=\"column\" data-e-type=\"column\">\n\t\t\t<div class=\"elementor-widget-wrap elementor-element-populated\">\n\t\t\t\t\t\t<div class=\"elementor-element elementor-element-5e63bf7 elementor-widget elementor-widget-heading\" data-id=\"5e63bf7\" data-element_type=\"widget\" data-e-type=\"widget\" data-widget_type=\"heading.default\">\n\t\t\t\t<div class=\"elementor-widget-container\">\n\t\t\t\t\t<h2 class=\"elementor-heading-title elementor-size-default\">\u00c9valuation de programme <\/h2>\t\t\t\t<\/div>\n\t\t\t\t<\/div>\n\t\t\t\t<div class=\"elementor-element elementor-element-d3f7f35 elementor-widget elementor-widget-text-editor\" data-id=\"d3f7f35\" data-element_type=\"widget\" data-e-type=\"widget\" data-widget_type=\"text-editor.default\">\n\t\t\t\t<div class=\"elementor-widget-container\">\n\t\t\t\t\t\t\t\t\t<p>Nous croyons que l&#8217;\u00e9valuation de l&#8217;efficacit\u00e9 et de l&#8217;impact de vos programmes est essentielle \u00e0 leur r\u00e9ussite. Notre \u00e9quipe d&#8217;experts poss\u00e8de une vaste exp\u00e9rience dans la r\u00e9alisation d&#8217;\u00e9valuations de programmes, en utilisant une vari\u00e9t\u00e9 de m\u00e9thodologies pour \u00e9valuer les r\u00e9sultats et l&#8217;impact de vos programmes.<\/p>\t\t\t\t\t\t\t\t<\/div>\n\t\t\t\t<\/div>\n\t\t\t\t\t<\/div>\n\t\t<\/div>\n\t\t\t\t\t<\/div>\n\t\t<\/section>\n\t\t\t\t<section class=\"elementor-section elementor-top-section elementor-element elementor-element-1382139 elementor-section-content-middle elementor-section-full_width elementor-section-height-default elementor-section-height-default\" data-id=\"1382139\" data-element_type=\"section\" data-e-type=\"section\" data-settings=\"{&quot;background_background&quot;:&quot;classic&quot;}\">\n\t\t\t\t\t\t<div class=\"elementor-container elementor-column-gap-no\">\n\t\t\t\t\t<div class=\"elementor-column elementor-col-50 elementor-top-column elementor-element elementor-element-1031e49\" data-id=\"1031e49\" data-element_type=\"column\" data-e-type=\"column\">\n\t\t\t<div class=\"elementor-widget-wrap elementor-element-populated\">\n\t\t\t\t\t\t<div class=\"elementor-element elementor-element-9652b72 elementor-widget elementor-widget-heading\" data-id=\"9652b72\" data-element_type=\"widget\" data-e-type=\"widget\" data-widget_type=\"heading.default\">\n\t\t\t\t<div class=\"elementor-widget-container\">\n\t\t\t\t\t<h2 class=\"elementor-heading-title elementor-size-default\">Analyse de donn\u00e9es<\/h2>\t\t\t\t<\/div>\n\t\t\t\t<\/div>\n\t\t\t\t<div class=\"elementor-element elementor-element-9f1c103 elementor-widget elementor-widget-text-editor\" data-id=\"9f1c103\" data-element_type=\"widget\" data-e-type=\"widget\" data-widget_type=\"text-editor.default\">\n\t\t\t\t<div class=\"elementor-widget-container\">\n\t\t\t\t\t\t\t\t\t<p>Nous savons que les donn\u00e9es sont le fondement d&#8217;une prise de d\u00e9cision \u00e9clair\u00e9e. Notre \u00e9quipe d&#8217;experts poss\u00e8de une vaste exp\u00e9rience dans l&#8217;analyse des donn\u00e9es, en utilisant une vari\u00e9t\u00e9 de techniques statistiques et de visualisation des donn\u00e9es pour d\u00e9couvrir des id\u00e9es et obtenir des r\u00e9sultats.<\/p>\t\t\t\t\t\t\t\t<\/div>\n\t\t\t\t<\/div>\n\t\t\t\t\t<\/div>\n\t\t<\/div>\n\t\t\t\t<div class=\"elementor-column elementor-col-50 elementor-top-column elementor-element elementor-element-4735869\" data-id=\"4735869\" data-element_type=\"column\" data-e-type=\"column\">\n\t\t\t<div class=\"elementor-widget-wrap elementor-element-populated\">\n\t\t\t\t\t\t<div class=\"elementor-element elementor-element-4f88c52 elementor-widget elementor-widget-image\" data-id=\"4f88c52\" data-element_type=\"widget\" data-e-type=\"widget\" data-widget_type=\"image.default\">\n\t\t\t\t<div class=\"elementor-widget-container\">\n\t\t\t\t\t\t\t\t\t\t\t\t\t\t\t<img loading=\"lazy\" decoding=\"async\" width=\"1024\" height=\"575\" src=\"https:\/\/ouikala.com\/wp-content\/uploads\/2023\/03\/website-rating-content-5244265-1024x575.jpg\" class=\"attachment-large size-large wp-image-5342\" alt=\"website, rating, content-5244265.jpg\" srcset=\"https:\/\/ouikala.com\/wp-content\/uploads\/2023\/03\/website-rating-content-5244265-1024x575.jpg 1024w, https:\/\/ouikala.com\/wp-content\/uploads\/2023\/03\/website-rating-content-5244265-300x169.jpg 300w, https:\/\/ouikala.com\/wp-content\/uploads\/2023\/03\/website-rating-content-5244265-768x431.jpg 768w, https:\/\/ouikala.com\/wp-content\/uploads\/2023\/03\/website-rating-content-5244265-600x337.jpg 600w, https:\/\/ouikala.com\/wp-content\/uploads\/2023\/03\/website-rating-content-5244265.jpg 1280w\" sizes=\"(max-width: 1024px) 100vw, 1024px\" \/>\t\t\t\t\t\t\t\t\t\t\t\t\t\t\t<\/div>\n\t\t\t\t<\/div>\n\t\t\t\t\t<\/div>\n\t\t<\/div>\n\t\t\t\t\t<\/div>\n\t\t<\/section>\n\t\t\t\t<section class=\"elementor-section elementor-top-section elementor-element elementor-element-64cf6775 elementor-section-content-middle elementor-section-full_width elementor-reverse-mobile elementor-section-height-default elementor-section-height-default\" data-id=\"64cf6775\" data-element_type=\"section\" data-e-type=\"section\" data-settings=\"{&quot;background_background&quot;:&quot;classic&quot;}\">\n\t\t\t\t\t\t<div class=\"elementor-container elementor-column-gap-no\">\n\t\t\t\t\t<div class=\"elementor-column elementor-col-50 elementor-top-column elementor-element elementor-element-2bb6cf62\" data-id=\"2bb6cf62\" data-element_type=\"column\" data-e-type=\"column\">\n\t\t\t<div class=\"elementor-widget-wrap elementor-element-populated\">\n\t\t\t\t\t\t<div class=\"elementor-element elementor-element-5346dac7 elementor-widget elementor-widget-image\" data-id=\"5346dac7\" data-element_type=\"widget\" data-e-type=\"widget\" data-widget_type=\"image.default\">\n\t\t\t\t<div class=\"elementor-widget-container\">\n\t\t\t\t\t\t\t\t\t\t\t\t\t\t\t<img loading=\"lazy\" decoding=\"async\" width=\"1024\" height=\"1024\" src=\"https:\/\/ouikala.com\/wp-content\/uploads\/2022\/12\/commerce-business-vendors-2160909-1024x1024.png\" class=\"attachment-large size-large wp-image-4693\" alt=\"commerce, business, vendors-2160909.jpg\" srcset=\"https:\/\/ouikala.com\/wp-content\/uploads\/2022\/12\/commerce-business-vendors-2160909-1024x1024.png 1024w, https:\/\/ouikala.com\/wp-content\/uploads\/2022\/12\/commerce-business-vendors-2160909-300x300.png 300w, https:\/\/ouikala.com\/wp-content\/uploads\/2022\/12\/commerce-business-vendors-2160909-150x150.png 150w, https:\/\/ouikala.com\/wp-content\/uploads\/2022\/12\/commerce-business-vendors-2160909-768x768.png 768w, https:\/\/ouikala.com\/wp-content\/uploads\/2022\/12\/commerce-business-vendors-2160909-600x600.png 600w, https:\/\/ouikala.com\/wp-content\/uploads\/2022\/12\/commerce-business-vendors-2160909-100x100.png 100w, https:\/\/ouikala.com\/wp-content\/uploads\/2022\/12\/commerce-business-vendors-2160909.png 1280w\" sizes=\"(max-width: 1024px) 100vw, 1024px\" \/>\t\t\t\t\t\t\t\t\t\t\t\t\t\t\t<\/div>\n\t\t\t\t<\/div>\n\t\t\t\t\t<\/div>\n\t\t<\/div>\n\t\t\t\t<div class=\"elementor-column elementor-col-50 elementor-top-column elementor-element elementor-element-3a562a50\" data-id=\"3a562a50\" data-element_type=\"column\" data-e-type=\"column\">\n\t\t\t<div class=\"elementor-widget-wrap elementor-element-populated\">\n\t\t\t\t\t\t<div class=\"elementor-element elementor-element-58ca87a0 elementor-widget elementor-widget-heading\" data-id=\"58ca87a0\" data-element_type=\"widget\" data-e-type=\"widget\" data-widget_type=\"heading.default\">\n\t\t\t\t<div class=\"elementor-widget-container\">\n\t\t\t\t\t<h2 class=\"elementor-heading-title elementor-size-default\">Strat\u00e9gie de gestion de rendement<\/h2>\t\t\t\t<\/div>\n\t\t\t\t<\/div>\n\t\t\t\t<div class=\"elementor-element elementor-element-75725749 elementor-widget elementor-widget-text-editor\" data-id=\"75725749\" data-element_type=\"widget\" data-e-type=\"widget\" data-widget_type=\"text-editor.default\">\n\t\t\t\t<div class=\"elementor-widget-container\">\n\t\t\t\t\t\t\t\t\t<ul>\n<li>\u00c9tablir les objectifs de travail, d\u2019apprentissage et de perfectionnement de l\u2019employ\u00e9 pour le prochain exercice<\/li>\n<li>\u00c9laborer l\u2019entente de rendement<\/li>\n<li>\u00c9tudier les progr\u00e8s de l\u2019employ\u00e9 dans l\u2019atteinte des objectifs et des comp\u00e9tences en lien avec le travail<\/li>\n<li>\u00c9tudier le plan d\u2019apprentissage et de perfectionnement avec l\u2019employ\u00e9 en y apportant les modifications requises si de nombreux enjeux sont relev\u00e9s et ayant des r\u00e9percussions sur le rendement de l\u2019employ\u00e9<\/li>\n<li>Effectuer l\u2019\u00e9valuation formelle de fin d\u2019exercice&nbsp;en \u00e9laborant un plan de gestion de talent&nbsp;<\/li>\n<\/ul>\t\t\t\t\t\t\t\t<\/div>\n\t\t\t\t<\/div>\n\t\t\t\t\t<\/div>\n\t\t<\/div>\n\t\t\t\t\t<\/div>\n\t\t<\/section>\n\t\t\t\t<section class=\"elementor-section elementor-top-section elementor-element elementor-element-17abd28 elementor-section-content-middle elementor-section-full_width elementor-section-height-default elementor-section-height-default\" data-id=\"17abd28\" data-element_type=\"section\" data-e-type=\"section\" data-settings=\"{&quot;background_background&quot;:&quot;classic&quot;}\">\n\t\t\t\t\t\t<div class=\"elementor-container elementor-column-gap-no\">\n\t\t\t\t\t<div class=\"elementor-column elementor-col-50 elementor-top-column elementor-element elementor-element-6eeb7535\" data-id=\"6eeb7535\" data-element_type=\"column\" data-e-type=\"column\">\n\t\t\t<div class=\"elementor-widget-wrap elementor-element-populated\">\n\t\t\t\t\t\t<div class=\"elementor-element elementor-element-3629d2e8 elementor-widget elementor-widget-heading\" data-id=\"3629d2e8\" data-element_type=\"widget\" data-e-type=\"widget\" data-widget_type=\"heading.default\">\n\t\t\t\t<div class=\"elementor-widget-container\">\n\t\t\t\t\t<h2 class=\"elementor-heading-title elementor-size-default\">D\u00e9veloppement des ressources humaines<\/h2>\t\t\t\t<\/div>\n\t\t\t\t<\/div>\n\t\t\t\t<div class=\"elementor-element elementor-element-3cde83c elementor-widget elementor-widget-text-editor\" data-id=\"3cde83c\" data-element_type=\"widget\" data-e-type=\"widget\" data-widget_type=\"text-editor.default\">\n\t\t\t\t<div class=\"elementor-widget-container\">\n\t\t\t\t\t\t\t\t\t<ul><li>\u00c9laborer des plans strat\u00e9giques en ressources humaines (RH)<\/li><li>\u00c9laborer des plans de formation (plans\u00a0individuels et organisationnels de formation et de d\u00e9veloppement professionnel)<\/li><li>Planification des ressources humaines<\/li><\/ul>\t\t\t\t\t\t\t\t<\/div>\n\t\t\t\t<\/div>\n\t\t\t\t\t<\/div>\n\t\t<\/div>\n\t\t\t\t<div class=\"elementor-column elementor-col-50 elementor-top-column elementor-element elementor-element-3f5b5500\" data-id=\"3f5b5500\" data-element_type=\"column\" data-e-type=\"column\">\n\t\t\t<div class=\"elementor-widget-wrap elementor-element-populated\">\n\t\t\t\t\t\t<div class=\"elementor-element elementor-element-66a8065 elementor-widget elementor-widget-image\" data-id=\"66a8065\" data-element_type=\"widget\" data-e-type=\"widget\" data-widget_type=\"image.default\">\n\t\t\t\t<div class=\"elementor-widget-container\">\n\t\t\t\t\t\t\t\t\t\t\t\t\t\t\t<img loading=\"lazy\" decoding=\"async\" width=\"1024\" height=\"682\" src=\"https:\/\/ouikala.com\/wp-content\/uploads\/2022\/12\/tiktok-network-competence-3910468-1024x682.jpg\" class=\"attachment-large size-large wp-image-4692\" alt=\"tiktok, network, competence-3910468.jpg\" srcset=\"https:\/\/ouikala.com\/wp-content\/uploads\/2022\/12\/tiktok-network-competence-3910468-1024x682.jpg 1024w, https:\/\/ouikala.com\/wp-content\/uploads\/2022\/12\/tiktok-network-competence-3910468-300x200.jpg 300w, https:\/\/ouikala.com\/wp-content\/uploads\/2022\/12\/tiktok-network-competence-3910468-768x512.jpg 768w, https:\/\/ouikala.com\/wp-content\/uploads\/2022\/12\/tiktok-network-competence-3910468-600x400.jpg 600w, https:\/\/ouikala.com\/wp-content\/uploads\/2022\/12\/tiktok-network-competence-3910468.jpg 1280w\" sizes=\"(max-width: 1024px) 100vw, 1024px\" \/>\t\t\t\t\t\t\t\t\t\t\t\t\t\t\t<\/div>\n\t\t\t\t<\/div>\n\t\t\t\t\t<\/div>\n\t\t<\/div>\n\t\t\t\t\t<\/div>\n\t\t<\/section>\n\t\t\t\t<\/div>\n\t\t","protected":false},"excerpt":{"rendered":"<p>Nos services sp\u00e9cialis\u00e9s Mesure de rendement Nous comprenons l&#8217;importance de mesurer la performance de votre organisation, de vos programmes et de vos projets. Notre \u00e9quipe d&#8217;experts poss\u00e8de une vaste exp\u00e9rience dans la conception et la mise en place de syst\u00e8mes de mesure de la performance qui fournissent des informations pr\u00e9cieuses et favorisent l&#8217;am\u00e9lioration continue. \u00c9valuation [&hellip;]<\/p>\n","protected":false},"author":2,"featured_media":0,"parent":0,"menu_order":3,"comment_status":"closed","ping_status":"closed","template":"","meta":{"om_disable_all_campaigns":false,"_monsterinsights_skip_tracking":false,"_monsterinsights_sitenote_active":false,"_monsterinsights_sitenote_note":"","_monsterinsights_sitenote_category":0,"site-sidebar-layout":"no-sidebar","site-content-layout":"page-builder","ast-site-content-layout":"default","site-content-style":"default","site-sidebar-style":"default","ast-global-header-display":"","ast-banner-title-visibility":"","ast-main-header-display":"","ast-hfb-above-header-display":"","ast-hfb-below-header-display":"","ast-hfb-mobile-header-display":"","site-post-title":"disabled","ast-breadcrumbs-content":"","ast-featured-img":"disabled","footer-sml-layout":"","ast-disable-related-posts":"","theme-transparent-header-meta":"","adv-header-id-meta":"","stick-header-meta":"","header-above-stick-meta":"","header-main-stick-meta":"","header-below-stick-meta":"","astra-migrate-meta-layouts":"default","ast-page-background-enabled":"default","ast-page-background-meta":{"desktop":{"background-color":"","background-image":"","background-repeat":"repeat","background-position":"center center","background-size":"auto","background-attachment":"scroll","background-type":"","background-media":"","overlay-type":"","overlay-color":"","overlay-opacity":"","overlay-gradient":""},"tablet":{"background-color":"","background-image":"","background-repeat":"repeat","background-position":"center center","background-size":"auto","background-attachment":"scroll","background-type":"","background-media":"","overlay-type":"","overlay-color":"","overlay-opacity":"","overlay-gradient":""},"mobile":{"background-color":"","background-image":"","background-repeat":"repeat","background-position":"center center","background-size":"auto","background-attachment":"scroll","background-type":"","background-media":"","overlay-type":"","overlay-color":"","overlay-opacity":"","overlay-gradient":""}},"ast-content-background-meta":{"desktop":{"background-color":"var(--ast-global-color-5)","background-image":"","background-repeat":"repeat","background-position":"center center","background-size":"auto","background-attachment":"scroll","background-type":"","background-media":"","overlay-type":"","overlay-color":"","overlay-opacity":"","overlay-gradient":""},"tablet":{"background-color":"var(--ast-global-color-5)","background-image":"","background-repeat":"repeat","background-position":"center center","background-size":"auto","background-attachment":"scroll","background-type":"","background-media":"","overlay-type":"","overlay-color":"","overlay-opacity":"","overlay-gradient":""},"mobile":{"background-color":"var(--ast-global-color-5)","background-image":"","background-repeat":"repeat","background-position":"center center","background-size":"auto","background-attachment":"scroll","background-type":"","background-media":"","overlay-type":"","overlay-color":"","overlay-opacity":"","overlay-gradient":""}},"footnotes":""},"class_list":["post-4781","page","type-page","status-publish","hentry"],"aioseo_notices":[],"lang":"fr","translations":{"fr":4781,"en":4657},"pll_sync_post":[],"_links":{"self":[{"href":"https:\/\/ouikala.com\/index.php\/wp-json\/wp\/v2\/pages\/4781","targetHints":{"allow":["GET"]}}],"collection":[{"href":"https:\/\/ouikala.com\/index.php\/wp-json\/wp\/v2\/pages"}],"about":[{"href":"https:\/\/ouikala.com\/index.php\/wp-json\/wp\/v2\/types\/page"}],"author":[{"embeddable":true,"href":"https:\/\/ouikala.com\/index.php\/wp-json\/wp\/v2\/users\/2"}],"replies":[{"embeddable":true,"href":"https:\/\/ouikala.com\/index.php\/wp-json\/wp\/v2\/comments?post=4781"}],"version-history":[{"count":14,"href":"https:\/\/ouikala.com\/index.php\/wp-json\/wp\/v2\/pages\/4781\/revisions"}],"predecessor-version":[{"id":5366,"href":"https:\/\/ouikala.com\/index.php\/wp-json\/wp\/v2\/pages\/4781\/revisions\/5366"}],"wp:attachment":[{"href":"https:\/\/ouikala.com\/index.php\/wp-json\/wp\/v2\/media?parent=4781"}],"curies":[{"name":"wp","href":"https:\/\/api.w.org\/{rel}","templated":true}]}}